{"id":1373,"date":"2016-06-11T18:07:27","date_gmt":"2016-06-11T18:07:27","guid":{"rendered":"http:\/\/newthemes.themeple.co\/motive\/default\/?page_id=1373"},"modified":"2017-07-26T01:48:49","modified_gmt":"2017-07-26T01:48:49","slug":"about-us-5-4-2-3-2","status":"publish","type":"page","link":"https:\/\/ferreiramarquez.com\/","title":{"rendered":"Inicio"},"content":{"rendered":"<body><p>[vc_row type=\u201dfull_width_content\u201d text_color=\u201dlight\u201d][vc_column width=\u201d1\/4\u2033 column_padding=\u201d50px 20px \u201d background_color=\u201d#00a79c\u201d content_color=\u201dlight\u201d][services_small title=\u201dDESARROLLO DE IDEA\u201d icon=\u201dsteadysets-icon-users\u201d icon_color=\u201d#f9f9f9\u2033 dynamic_content_type=\u201dcontent\u201d]Contamos con una serie de herramientas para analizar y testear la viabilidad de tus ideas.[\/services_small][vc_empty_space][button title=\u201dM\u00e1s info\u201d link=\u201dhttps:\/\/ferreiramarquez.com\/index.php\/tienes-una-idea\/\u201d icon=\u201dsteadysets-icon-type\u201d style=\u201dlight\u201d][\/vc_column][vc_column width=\u201d1\/4\u2033 column_padding=\u201d50px 20px \u201d background_color=\u201d#28a8e0\u2033][services_small title=\u201dMEJORAS PARA TU EMPRESA\u201d icon=\u201dmoon-bubble-6\u2033 icon_color=\u201d#ffffff\u201d dynamic_content_type=\u201dcontent\u201d]10 a\u00f1os de gesti\u00f3n con organizaciones en el \u00e1mbito p\u00fablico y privado nos avalan para asesorar y acompa\u00f1ar a cualquier empresa en un proceso de gesti\u00f3n del cambio.[\/services_small][vc_empty_space][button title=\u201dM\u00e1s info\u201d link=\u201dhttps:\/\/ferreiramarquez.com\/index.php\/tenes-una-empresa\/\u201d icon=\u201dsteadysets-icon-type\u201d style=\u201dlight\u201d][\/vc_column][vc_column width=\u201d1\/4\u2033 column_padding=\u201d50px 20px \u201d background_color=\u201d#1d76bb\u201d font_color=\u201d#ffffff\u201d][services_small title=\u201dIMPLEMENTACI\u00d3N DE TUS PROYECTOS\u201d icon=\u201dsteadysets-icon-book2\u2033 icon_color=\u201d#ffffff\u201d dynamic_content_type=\u201dcontent\u201d]La gesti\u00f3n por proyecto es una tendencia de las grandes organizaciones para integrar sus estructuras, optimizar recursos y orientarse a resultados.[\/services_small][vc_empty_space][button title=\u201dM\u00e1s info\u201d link=\u201dhttps:\/\/ferreiramarquez.com\/index.php\/tienes-que-disenar-implementar-o-mejorar-un-proyecto\/\u201d icon=\u201dsteadysets-icon-type\u201d style=\u201ddark\u201d][\/vc_column][vc_column width=\u201d1\/4\u2033 column_padding=\u201d50px 20px \u201d background_color=\u201d#2a3b8f\u201d][services_small title=\u201dCONTAMOS CON SOLUCIONES ESPEC\u00cdFICAS Y PUNTUALES PARA NUESTROS CLIENTES COMO SER:\u201d icon=\u201dsteadysets-icon-archive\u201d icon_color=\u201d#ffffff\u201d dynamic_content_type=\u201dcontent\u201d]<\/p>\n<ul>\n<li><span style=\"font-weight: 400;\">An\u00e1lisis de estructura organizacional y plan de adecuaci\u00f3n<\/span><\/li>\n<li><span style=\"font-weight: 400;\">Selecci\u00f3n de personal<\/span><\/li>\n<li><span style=\"font-weight: 400;\">Capacitaci\u00f3n in company<\/span><\/li>\n<\/ul>\n<p>[\/services_small][vc_empty_space][button title=\u201dM\u00e1s info\u201d link=\u201dhttps:\/\/ferreiramarquez.com\/index.php\/soluciones-empresariales-especificas\/\u201d icon=\u201dsteadysets-icon-type\u201d style=\u201dlight\u201d][\/vc_column][\/vc_row][vc_row type=\u201dfull_width_background\u201d bg_color=\u201d#ffffff\u201d bottom_padding=\u201d90\u2033][vc_column column_nopad=\u201dfalse\u201d][block_title inner_style_title=\u201donly_text\u201d padding_desc=\u201d0\u2033 title=\u201dSOBRE NOSOTROS\u201d]<\/p>\n<p style=\"text-align: center; padding: 0;\"><span style=\"font-weight: 400;\">Partimos hace m\u00e1s de 10 a\u00f1os desde la utop\u00eda de cambiar el mundo a trav\u00e9s de \u00a0nuestras acciones.\u00a0<\/span><\/p>\n<p style=\"text-align: center; padding: 0;\"><span style=\"font-weight: 400;\"><br>\nAprendimos.<br>\n<\/span><span style=\"font-weight: 400;\">Aprendimos que no podemos cambiar el mundo, pero s\u00ed generar acciones que lo hagan un mejor lugar, tiempo y espacio.<br>\n<\/span><span style=\"font-weight: 400; padding: 0;\">Aprendimos que podemos generar y ayudar a generar cambio.<br>\n<\/span><span style=\"font-weight: 400; padding: 0;\">Aprendimos que cualquier movimiento es acci\u00f3n, es creaci\u00f3n, es aprendizaje.<br>\n<\/span><span style=\"font-weight: 400; padding: 0;\">Aprendimos que las organizaciones son sistemas sociales, que las personas son la piedra angular y que se necesita un prop\u00f3sito para cambiar, para mejorar, para crecer.<\/span><\/p>\n<p>[\/block_title][vc_btn title=\u201dCON\u00d3ZCANOS\u201d style=\u201dflat\u201d color=\u201dturquoise\u201d align=\u201dcenter\u201d link=\u201durl:https%3A%2F%2Fferreiramarquez.com%2Findex.php%2Fnosotros%2F|title:Sobre%20F%20y%20M||\u201d][\/vc_column][\/vc_row][vc_row type=\u201dfull_width_background\u201d bg_color=\u201d#0072d6\u2033 text_color=\u201dcustom\u201d custom_text_color=\u201d#ffffff\u201d bottom_padding=\u201d90\u2033][vc_column font_color=\u201d#ffffff\u201d content_color=\u201dlight\u201d][block_title inner_style_title=\u201donly_text\u201d title=\u201dMETODOLOG\u00cdA DE TRABAJO\u201d][\/block_title][vc_row_inner][vc_column_inner width=\u201d1\/2\u2033][vc_column_text]<span style=\"font-weight: 400;\">Nuestra metodolog\u00eda implica el trabajo proactivo y con resultados desde el inicio de la intervenci\u00f3n, procurando la obtenci\u00f3n de los resultados importantes para la empresa, en tiempos precisos, fomentando la b\u00fasqueda de mejoras en cada paso que se da en conjunto en el proceso de trabajo.<\/span><\/p>\n<p><span style=\"font-weight: 400;\">Se orienta a la participaci\u00f3n de todas las personas implicadas en la organizaci\u00f3n y en los procesos de cambio que se generen, con una l\u00f3gica de validaci\u00f3n estructural.<\/span><\/p>\n<p>[\/vc_column_text][\/vc_column_inner][vc_column_inner width=\u201d1\/2\u2033][vc_column_text]<span style=\"font-weight: 400;\">Se aplican herramientas y t\u00e9cnicas adaptadas a cada realidad con orientaci\u00f3n a los resultados deseados. Fomentamos el diagn\u00f3stico activo que permite implementar mejoras de corto plazo durante un proceso m\u00e1s profundo para la identificaci\u00f3n de soluciones m\u00e1s eficaces y a largo plazo. <\/span><\/p>\n<p><span style=\"font-weight: 400;\">El dise\u00f1o y aplicaci\u00f3n de nuestra metodolog\u00eda integra un marco l\u00f3gico de mejora continua y retroalimentaci\u00f3n constante con la premisa de que nuestro trabajo, debe incluir \u00a0la generaci\u00f3n y progreso de capacidad organizacional para dar sustentabilidad a los proyectos que dise\u00f1amos y desarrollamos.<\/span>[\/vc_column_text][\/vc_column_inner][\/vc_row_inner][\/vc_column][\/vc_row][vc_row type=\u201dfull_width_background\u201d top_padding=\u201d60\u2033 bottom_padding=\u201d60\u2033][vc_column][block_title inner_style_title=\u201donly_text\u201d title=\u201dNOVEDADES\u201d]Las \u00faltimas noticias\u00a0del medio[\/block_title][vc_basic_grid post_type=\u201dpost\u201d max_items=\u201d3\u2033 item=\u201dbasicGrid_ScaleInWithRotation\u201d grid_id=\u201dvc_gid:1501033509062-ec2d592c-dd57-6\u2033][\/vc_column][\/vc_row][vc_row][vc_column][block_title inner_style_title=\u201donly_text\u201d title=\u201dCLIENTES QUE CONF\u00cdAN EN NUESTRA GESTI\u00d3N\u201d][\/block_title][clients carousel=\u201dyes\u201d][\/vc_column][\/vc_row][vc_row type=\u201dfull_width_background\u201d bg_image=\u201d4190\u2033 bg_color=\u201d#00a9bf\u201d text_color=\u201dlight\u201d top_padding=\u201d40\u2033 bottom_padding=\u201d40\u2033][vc_column][textbar button_title=\u201dCont\u00e1ctenos\u201d button_link=\u201dhttps:\/\/ferreiramarquez.com\/index.php\/contactenos\/\u201d icon=\u201dsteadysets-icon-type\u201d]CONT\u00c1CTENOS[\/textbar][\/vc_column][\/vc_row]<\/p>\n<\/body>","protected":false},"excerpt":{"rendered":"<p>[vc_row type=\u201dfull_width_content\u201d text_color=\u201dlight\u201d][vc_column width=\u201d1\/4\u2033 column_padding=\u201d50px 20px \u201d background_color=\u201d#00a79c\u201d content_color=\u201dlight\u201d][services_small title=\u201dDESARROLLO DE IDEA\u201d icon=\u201dsteadysets-icon-users\u201d icon_color=\u201d#f9f9f9\u2033 dynamic_content_type=\u201dcontent\u201d]Contamos con una serie de herramientas para analizar y testear la viabilidad de tus ideas.[\/services_small][vc_empty_space][button title=\u201dM\u00e1s info\u201d link=\u201dhttps:\/\/ferreiramarquez.com\/index.php\/tienes-una-idea\/\u201d icon=\u201dsteadysets-icon-type\u201d style=\u201dlight\u201d][\/vc_column][vc_column width=\u201d1\/4\u2033 column_padding=\u201d50px 20px \u201d background_color=\u201d#28a8e0\u2033][services_small title=\u201dMEJORAS PARA TU EMPRESA\u201d icon=\u201dmoon-bubble-6\u2033 icon_color=\u201d#ffffff\u201d dynamic_content_type=\u201dcontent\u201d]10 a\u00f1os de gesti\u00f3n con organizaciones en el \u00e1mbito p\u00fablico [&hellip;]<\/p>\n","protected":false},"author":1,"featured_media":0,"parent":0,"menu_order":0,"comment_status":"closed","ping_status":"closed","template":"","meta":{"om_disable_all_campaigns":false,"_monsterinsights_skip_tracking":false,"_monsterinsights_sitenote_active":false,"_monsterinsights_sitenote_note":"","_monsterinsights_sitenote_category":0,"footnotes":""},"class_list":["post-1373","page","type-page","status-publish","hentry"],"jetpack_sharing_enabled":true,"_links":{"self":[{"href":"https:\/\/ferreiramarquez.com\/index.php\/wp-json\/wp\/v2\/pages\/1373"}],"collection":[{"href":"https:\/\/ferreiramarquez.com\/index.php\/wp-json\/wp\/v2\/pages"}],"about":[{"href":"https:\/\/ferreiramarquez.com\/index.php\/wp-json\/wp\/v2\/types\/page"}],"author":[{"embeddable":true,"href":"https:\/\/ferreiramarquez.com\/index.php\/wp-json\/wp\/v2\/users\/1"}],"replies":[{"embeddable":true,"href":"https:\/\/ferreiramarquez.com\/index.php\/wp-json\/wp\/v2\/comments?post=1373"}],"version-history":[{"count":43,"href":"https:\/\/ferreiramarquez.com\/index.php\/wp-json\/wp\/v2\/pages\/1373\/revisions"}],"predecessor-version":[{"id":4718,"href":"https:\/\/ferreiramarquez.com\/index.php\/wp-json\/wp\/v2\/pages\/1373\/revisions\/4718"}],"wp:attachment":[{"href":"https:\/\/ferreiramarquez.com\/index.php\/wp-json\/wp\/v2\/media?parent=1373"}],"curies":[{"name":"wp","href":"https:\/\/api.w.org\/{rel}","templated":true}]}}