{"id":3457,"date":"2016-08-25T13:13:43","date_gmt":"2016-08-25T13:13:43","guid":{"rendered":"http:\/\/newthemes.themeple.co\/motive\/default\/?page_id=3457"},"modified":"2017-06-27T00:22:08","modified_gmt":"2017-06-27T00:22:08","slug":"servicios","status":"publish","type":"page","link":"https:\/\/ferreiramarquez.com\/index.php\/servicios\/","title":{"rendered":"SERVICIOS"},"content":{"rendered":"<body><p>[vc_row type=\u201dfull_width_background\u201d bg_image=\u201d3212\u2033 overlay=\u201dtrue\u201d overlay_color=\u201drgba(255,255,255,0.95)\u201d text_color=\u201dlight\u201d top_padding=\u201d80\u2033 bottom_padding=\u201d80\u2033][vc_column][block_title inner_style_title=\u201donly_text\u201d padding_desc=\u201d30%\u201d title=\u201dServicios de apoyo o transversales\u201d][\/block_title][vc_row_inner][vc_column_inner width=\u201d1\/2\u2033][vc_empty_space][vc_icon type=\u201dmaterial\u201d icon_material=\u201dvc-material vc-material-lightbulb_outline\u201d color=\u201dcustom\u201d background_style=\u201drounded-outline\u201d background_color=\u201dcustom\u201d size=\u201dlg\u201d align=\u201dcenter\u201d custom_color=\u201d#1e73be\u201d custom_background_color=\u201d#1e73be\u201d][vc_empty_space][vc_custom_heading text=\u201dDESARROLLO DE IDEA\u201d font_container=\u201dtag:h5|font_size:20|text_align:center|color:%231e73be\u201d google_fonts=\u201dfont_family:Montserrat%3Aregular%2C700|font_style:400%20regular%3A400%3Anormal\u201d][vc_empty_space height=\u201d15px\u201d][vc_column_text]<span style=\"font-weight: 400; color: black;\">Contamos con un portafolio de herramientas para analizar y testear la viabilidad de tus ideas. Brindamos asesoramiento para emprender el desarrollo de un nuevo negocio, proyecto o programa, acompa\u00f1ando el proceso desde la concepci\u00f3n, el dise\u00f1o, la ejecuci\u00f3n, el monitoreo y la validaci\u00f3n.<\/span>[\/vc_column_text][vc_btn title=\u201dSaber m\u00e1s\u201d style=\u201dflat\u201d color=\u201dpeacoc\u201d align=\u201dcenter\u201d link=\u201durl:https%3A%2F%2Fferreiramarquez.com%2Findex.php%2Ftienes-una-idea%2F||target:%20_blank|\u201d][vc_empty_space][\/vc_column_inner][vc_column_inner width=\u201d1\/2\u2033][vc_empty_space][vc_icon type=\u201dmaterial\u201d icon_material=\u201dvc-material vc-material-airplay\u201d color=\u201dcustom\u201d background_style=\u201drounded-outline\u201d background_color=\u201dcustom\u201d size=\u201dlg\u201d align=\u201dcenter\u201d custom_color=\u201d#1e73be\u201d custom_background_color=\u201d#1e73be\u201d][vc_empty_space][vc_custom_heading text=\u201dMEJORAS PARA TU EMPRESA\u201d font_container=\u201dtag:h5|font_size:20|text_align:center|color:%231e73be\u201d google_fonts=\u201dfont_family:Montserrat%3Aregular%2C700|font_style:400%20regular%3A400%3Anormal\u201d][vc_empty_space height=\u201d15px\u201d][vc_column_text]<span style=\"font-weight: 400; color: black;\">10 a\u00f1os de gesti\u00f3n con organizaciones p\u00fablicas y privadas nos avalan para asesorar y acompa\u00f1ar a cualquier empresa en un proceso de gesti\u00f3n del cambio, ofreciendo diversas herramientas de acuerdo a la necesidad puntual.<\/span>[\/vc_column_text][vc_btn title=\u201dSaber m\u00e1s\u201d style=\u201dflat\u201d color=\u201dpeacoc\u201d align=\u201dcenter\u201d link=\u201durl:https%3A%2F%2Fferreiramarquez.com%2Findex.php%2Ftenes-una-empresa%2F||target:%20_blank|\u201d][vc_empty_space][\/vc_column_inner][\/vc_row_inner][vc_empty_space height=\u201d80PX\u201d][vc_row_inner][vc_column_inner width=\u201d1\/2\u2033][vc_empty_space][vc_icon type=\u201dmaterial\u201d icon_material=\u201dvc-material vc-material-build\u201d color=\u201dcustom\u201d background_style=\u201drounded-outline\u201d background_color=\u201dcustom\u201d size=\u201dlg\u201d align=\u201dcenter\u201d custom_background_color=\u201d#1e73be\u201d custom_color=\u201d#1e73be\u201d][vc_empty_space][vc_custom_heading text=\u201dIMPLEMENTACI\u00d3N DE TUS PROYECTOS\u201d font_container=\u201dtag:h5|font_size:20|text_align:center|color:%231e73be\u201d google_fonts=\u201dfont_family:Montserrat%3Aregular%2C700|font_style:400%20regular%3A400%3Anormal\u201d][vc_empty_space height=\u201d15px\u201d][vc_column_text]<span style=\"font-weight: 400; color: black;\">10 a\u00f1os de gesti\u00f3n con organizaciones p\u00fablicas y privadas nos avalan para asesorar y acompa\u00f1ar a cualquier empresa en un proceso de gesti\u00f3n del cambio, ofreciendo diversas herramientas de acuerdo a la necesidad puntual.<\/span>[\/vc_column_text][vc_btn title=\u201dSaber m\u00e1s\u201d style=\u201dflat\u201d color=\u201dpeacoc\u201d align=\u201dcenter\u201d link=\u201durl:https%3A%2F%2Fferreiramarquez.com%2Findex.php%2Ftienes-que-disenar-implementar-o-mejorar-un-proyecto%2F||target:%20_blank|\u201d][\/vc_column_inner][vc_column_inner width=\u201d1\/2\u2033][vc_empty_space][vc_icon type=\u201dmaterial\u201d icon_material=\u201dvc-material vc-material-library_books\u201d color=\u201dcustom\u201d background_style=\u201drounded-outline\u201d background_color=\u201dcustom\u201d size=\u201dlg\u201d align=\u201dcenter\u201d custom_background_color=\u201d#1e73be\u201d custom_color=\u201d#1e73be\u201d][vc_empty_space][vc_custom_heading text=\u201dSOLUCIONES ESPECIFICAS\u201d font_container=\u201dtag:h5|font_size:20|text_align:center|color:%231e73be\u201d google_fonts=\u201dfont_family:Montserrat%3Aregular%2C700|font_style:400%20regular%3A400%3Anormal\u201d][vc_empty_space height=\u201d15px\u201d][vc_column_text]<span style=\"font-weight: 400; color: black;\">Contamos con un portafolio de herramientas de gesti\u00f3n que pueden ser aplicadas de forma independiente a un asesoramiento integral o global. <\/span>[\/vc_column_text][vc_btn title=\u201dSaber m\u00e1s\u201d style=\u201dflat\u201d color=\u201dpeacoc\u201d align=\u201dcenter\u201d link=\u201durl:https%3A%2F%2Fferreiramarquez.com%2Findex.php%2Fsoluciones-empresariales-especificas%2F||target:%20_blank|\u201d][\/vc_column_inner][\/vc_row_inner][\/vc_column][\/vc_row][vc_row type=\u201dfull_width_background\u201d bg_image=\u201d4190\u2033 bg_color=\u201drgba(0,169,191,0.8)\u201d text_color=\u201dlight\u201d top_padding=\u201d40\u2033 bottom_padding=\u201d40\u2033][vc_column][textbar button_title=\u201dCONTACTENOS\u201d button_link=\u201dhttps:\/\/ferreiramarquez.com\/index.php\/contactenos\/\u201d icon=\u201dsteadysets-icon-type\u201d]CONTACTENOS[\/textbar][\/vc_column][\/vc_row]<\/p>\n<\/body>","protected":false},"excerpt":{"rendered":"<p>[vc_row type=\u201dfull_width_background\u201d bg_image=\u201d3212\u2033 overlay=\u201dtrue\u201d overlay_color=\u201drgba(255,255,255,0.95)\u201d text_color=\u201dlight\u201d top_padding=\u201d80\u2033 bottom_padding=\u201d80\u2033][vc_column][block_title inner_style_title=\u201donly_text\u201d padding_desc=\u201d30%\u201d title=\u201dServicios de apoyo o transversales\u201d][\/block_title][vc_row_inner][vc_column_inner width=\u201d1\/2\u2033][vc_empty_space][vc_icon type=\u201dmaterial\u201d icon_material=\u201dvc-material vc-material-lightbulb_outline\u201d color=\u201dcustom\u201d background_style=\u201drounded-outline\u201d background_color=\u201dcustom\u201d size=\u201dlg\u201d align=\u201dcenter\u201d custom_color=\u201d#1e73be\u201d custom_background_color=\u201d#1e73be\u201d][vc_empty_space][vc_custom_heading text=\u201dDESARROLLO DE IDEA\u201d font_container=\u201dtag:h5|font_size:20|text_align:center|color:%231e73be\u201d google_fonts=\u201dfont_family:Montserrat%3Aregular%2C700|font_style:400%20regular%3A400%3Anormal\u201d][vc_empty_space height=\u201d15px\u201d][vc_column_text]Contamos con un portafolio de herramientas para analizar y testear la viabilidad de tus ideas. Brindamos asesoramiento para emprender el desarrollo de un nuevo [&hellip;]<\/p>\n","protected":false},"author":1,"featured_media":0,"parent":0,"menu_order":0,"comment_status":"closed","ping_status":"closed","template":"","meta":{"om_disable_all_campaigns":false,"_monsterinsights_skip_tracking":false,"_monsterinsights_sitenote_active":false,"_monsterinsights_sitenote_note":"","_monsterinsights_sitenote_category":0,"footnotes":""},"class_list":["post-3457","page","type-page","status-publish","hentry"],"jetpack_sharing_enabled":true,"_links":{"self":[{"href":"https:\/\/ferreiramarquez.com\/index.php\/wp-json\/wp\/v2\/pages\/3457"}],"collection":[{"href":"https:\/\/ferreiramarquez.com\/index.php\/wp-json\/wp\/v2\/pages"}],"about":[{"href":"https:\/\/ferreiramarquez.com\/index.php\/wp-json\/wp\/v2\/types\/page"}],"author":[{"embeddable":true,"href":"https:\/\/ferreiramarquez.com\/index.php\/wp-json\/wp\/v2\/users\/1"}],"replies":[{"embeddable":true,"href":"https:\/\/ferreiramarquez.com\/index.php\/wp-json\/wp\/v2\/comments?post=3457"}],"version-history":[{"count":34,"href":"https:\/\/ferreiramarquez.com\/index.php\/wp-json\/wp\/v2\/pages\/3457\/revisions"}],"predecessor-version":[{"id":4687,"href":"https:\/\/ferreiramarquez.com\/index.php\/wp-json\/wp\/v2\/pages\/3457\/revisions\/4687"}],"wp:attachment":[{"href":"https:\/\/ferreiramarquez.com\/index.php\/wp-json\/wp\/v2\/media?parent=3457"}],"curies":[{"name":"wp","href":"https:\/\/api.w.org\/{rel}","templated":true}]}}