{"id":4305,"date":"2017-04-23T23:27:31","date_gmt":"2017-04-23T23:27:31","guid":{"rendered":"https:\/\/ferreiramarquez.com\/?page_id=4305"},"modified":"2017-06-28T02:21:10","modified_gmt":"2017-06-28T02:21:10","slug":"tenes-una-empresa","status":"publish","type":"page","link":"https:\/\/ferreiramarquez.com\/index.php\/tenes-una-empresa\/","title":{"rendered":"MEJORAS PARA TU EMPRESA"},"content":{"rendered":"<body><p>[vc_row][vc_column][vc_column_text]<span style=\"color: black;\">10 a\u00f1os de gesti\u00f3n con organizaciones en el \u00e1mbito p\u00fablico y privado nos avalan para asesorar y acompa\u00f1ar a cualquier empresa en su proceso de desarrollo y mejora.<\/span>[\/vc_column_text][\/vc_column][\/vc_row][vc_row text_color=\u201dcustom\u201d custom_text_color=\u201d#000000\u2033][vc_column width=\u201d1\/2\u2033][vc_custom_heading text=\u201dQuiero mejorar mi gesti\u00f3n\u201d font_container=\u201dtag:h5|font_size:20|text_align:left|color:%231e73be\u201d google_fonts=\u201dfont_family:Montserrat%3Aregular%2C700|font_style:400%20regular%3A400%3Anormal\u201d][vc_empty_space][vc_column_text]<span style=\"font-weight: 400;\">\u25cf Diagn\u00f3stico y \u00a0asesoramiento en mejora de la gesti\u00f3n.<\/span><br>\n<span style=\"font-weight: 400;\">\u25cf Implantaci\u00f3n y certificaci\u00f3n de Sistemas de Gesti\u00f3n de Calidad, Seguridad, RRHH, Mejora de la Infraestructura.<br>\n<\/span><span style=\"font-weight: 400;\">\u25cf Mapa de procesos, reingenier\u00eda, simplificaci\u00f3n y automatizaci\u00f3n<br>\n<\/span><span style=\"font-weight: 400;\">\u25cf Sistemas de informaci\u00f3n y comunicaci\u00f3n<br>\n<\/span><span style=\"font-weight: 400;\">\u25cf Dise\u00f1o y Medici\u00f3n de indicadores de Gesti\u00f3n<br>\n<\/span><span style=\"font-weight: 400;\">\u25cf Sistemas de control interno.<br>\n<\/span><span style=\"font-weight: 400;\">\u25cf Mejora de sistemas de administraci\u00f3n y control.<br>\n<\/span><span style=\"font-weight: 400;\">\u25cf Mejora la atenci\u00f3n a clientes.<br>\n<\/span><span style=\"font-weight: 400;\">\u25cf Proceso de organizaci\u00f3n de la empresa.<br>\n<\/span><span style=\"font-weight: 400;\">\u25cf Mejora de procesos espec\u00edficos (compras, suministros, pagos, cobranzas, etc)<\/span>[\/vc_column_text][\/vc_column][vc_column width=\u201d1\/2\u2033][vc_custom_heading text=\u201dQuiero que mi personal est\u00e9 motivado<br>\n\u201d font_container=\u201dtag:h5|font_size:20|text_align:left|color:%231e73be\u201d google_fonts=\u201dfont_family:Montserrat%3Aregular%2C700|font_style:400%20regular%3A400%3Anormal\u201d][vc_empty_space][vc_column_text]<span style=\"font-weight: 400;\">\u25cf Asesoramiento en dise\u00f1o de estructura organizacional, descripci\u00f3n de puestos y evaluaciones de desempe\u00f1o.<br>\n<\/span><span style=\"font-weight: 400;\">\u25cf Encuesta de clima y cultura.<br>\n<\/span><span style=\"font-weight: 400;\">\u25cf Talleres de mejora.<br>\n<\/span><span style=\"font-weight: 400;\">\u25cf Coaching individual y de equipo.<br>\n<\/span><span style=\"font-weight: 400;\">\u25cf Dise\u00f1o de \u00c1rea de Desarrollo Organizacional y RRHH.<br>\n<\/span><span style=\"font-weight: 400;\">\u25cf Tercerizaci\u00f3n de \u00c1rea de Desarrollo Organizacional y RRHH.<br>\n<\/span><span style=\"font-weight: 400;\">\u25cf Planes de RSE<br>\n<\/span><span style=\"font-weight: 400;\">\u25cf Asesoramiento en pol\u00edticas de RRHH y beneficios<br>\n<\/span><span style=\"font-weight: 400;\">\u25cf Asesoramiento y dise\u00f1o de sistemas de remuneraci\u00f3n<br>\n<\/span><span style=\"font-weight: 400;\">\u25cf Modelos y sistemas de capacitaci\u00f3n<br>\n<\/span>[\/vc_column_text][\/vc_column][\/vc_row][vc_row text_color=\u201dcustom\u201d custom_text_color=\u201d#000000\u2033][vc_column width=\u201d1\/2\u2033][vc_custom_heading text=\u201dQuiero Crecer\u201d font_container=\u201dtag:h5|font_size:20|text_align:left|color:%231e73be\u201d google_fonts=\u201dfont_family:Montserrat%3Aregular%2C700|font_style:400%20regular%3A400%3Anormal\u201d][vc_empty_space][vc_column_text]<span style=\"font-weight: 400;\">\u25cf Planificaci\u00f3n estrat\u00e9gica y operativa<br>\n<\/span><span style=\"font-weight: 400;\">\u25cf An\u00e1lisis \u00a0de mercado y proyecci\u00f3n.<br>\n<\/span><span style=\"font-weight: 400;\">\u25cf Desarrollo y Diversificaci\u00f3n de Negocios<br>\n<\/span><span style=\"font-weight: 400;\">\u25cf Planes de negocio y desarrollo empresarial.<br>\n<\/span><span style=\"font-weight: 400;\">\u25cf Cuadros de mando <\/span>[\/vc_column_text][\/vc_column][\/vc_row][vc_row][vc_column][vc_btn title=\u201d+ INFO\u201d style=\u201dflat\u201d color=\u201dturquoise\u201d align=\u201dcenter\u201d link=\u201durl:https%3A%2F%2Fferreiramarquez.com%2Findex.php%2Fcontactenos%2F|||\u201d][\/vc_column][\/vc_row]<\/p>\n<\/body>","protected":false},"excerpt":{"rendered":"<p>[vc_row][vc_column][vc_column_text]10 a\u00f1os de gesti\u00f3n con organizaciones en el \u00e1mbito p\u00fablico y privado nos avalan para asesorar y acompa\u00f1ar a cualquier empresa en su proceso de desarrollo y mejora.[\/vc_column_text][\/vc_column][\/vc_row][vc_row text_color=\u201dcustom\u201d custom_text_color=\u201d#000000\u2033][vc_column width=\u201d1\/2\u2033][vc_custom_heading text=\u201dQuiero mejorar mi gesti\u00f3n\u201d font_container=\u201dtag:h5|font_size:20|text_align:left|color:%231e73be\u201d google_fonts=\u201dfont_family:Montserrat%3Aregular%2C700|font_style:400%20regular%3A400%3Anormal\u201d][vc_empty_space][vc_column_text]\u25cf Diagn\u00f3stico y \u00a0asesoramiento en mejora de la gesti\u00f3n. \u25cf Implantaci\u00f3n y certificaci\u00f3n de Sistemas de Gesti\u00f3n de Calidad, [&hellip;]<\/p>\n","protected":false},"author":1,"featured_media":0,"parent":0,"menu_order":0,"comment_status":"closed","ping_status":"closed","template":"","meta":{"om_disable_all_campaigns":false,"_monsterinsights_skip_tracking":false,"_monsterinsights_sitenote_active":false,"_monsterinsights_sitenote_note":"","_monsterinsights_sitenote_category":0,"footnotes":""},"class_list":["post-4305","page","type-page","status-publish","hentry"],"jetpack_sharing_enabled":true,"_links":{"self":[{"href":"https:\/\/ferreiramarquez.com\/index.php\/wp-json\/wp\/v2\/pages\/4305"}],"collection":[{"href":"https:\/\/ferreiramarquez.com\/index.php\/wp-json\/wp\/v2\/pages"}],"about":[{"href":"https:\/\/ferreiramarquez.com\/index.php\/wp-json\/wp\/v2\/types\/page"}],"author":[{"embeddable":true,"href":"https:\/\/ferreiramarquez.com\/index.php\/wp-json\/wp\/v2\/users\/1"}],"replies":[{"embeddable":true,"href":"https:\/\/ferreiramarquez.com\/index.php\/wp-json\/wp\/v2\/comments?post=4305"}],"version-history":[{"count":14,"href":"https:\/\/ferreiramarquez.com\/index.php\/wp-json\/wp\/v2\/pages\/4305\/revisions"}],"predecessor-version":[{"id":4685,"href":"https:\/\/ferreiramarquez.com\/index.php\/wp-json\/wp\/v2\/pages\/4305\/revisions\/4685"}],"wp:attachment":[{"href":"https:\/\/ferreiramarquez.com\/index.php\/wp-json\/wp\/v2\/media?parent=4305"}],"curies":[{"name":"wp","href":"https:\/\/api.w.org\/{rel}","templated":true}]}}