{"id":4313,"date":"2017-04-23T23:42:12","date_gmt":"2017-04-23T23:42:12","guid":{"rendered":"https:\/\/ferreiramarquez.com\/?page_id=4313"},"modified":"2017-07-03T04:00:30","modified_gmt":"2017-07-03T04:00:30","slug":"tienes-que-disenar-implementar-o-mejorar-un-proyecto","status":"publish","type":"page","link":"https:\/\/ferreiramarquez.com\/index.php\/tienes-que-disenar-implementar-o-mejorar-un-proyecto\/","title":{"rendered":"IMPLEMENTACI\u00d3N DE TUS PROYECTOS"},"content":{"rendered":"<body><p>[vc_row][vc_column][vc_column_text]<span style=\"color: black;\">10 a\u00f1os de gesti\u00f3n con organizaciones p\u00fablicas y privadas nos avalan para asesorar y acompa\u00f1ar a cualquier empresa en un proceso de gesti\u00f3n del cambio, ofreciendo diversas herramientas de acuerdo a la necesidad puntual.<\/span><br>\n<span style=\"color: black;\">La gesti\u00f3n por proyecto es una tendencia de las grandes organizaciones para integrar sus estructuras, optimizar recursos y orientarse a resultados. En\u00a0Ferreira &amp; Marquez podemos asistir en el dise\u00f1o, gesti\u00f3n y evaluaci\u00f3n de tus proyectos as\u00ed como tambi\u00e9n en la aplicaci\u00f3n de dicha metodolog\u00eda en mejoras que las organizaciones deseen implementar.<\/span>[\/vc_column_text][\/vc_column][\/vc_row][vc_row text_color=\u201dcustom\u201d custom_text_color=\u201d#000000\u2033][vc_column width=\u201d1\/2\u2033][vc_custom_heading text=\u201dQuiero dise\u00f1ar\u201d font_container=\u201dtag:h5|font_size:20|text_align:left|color:%231e73be\u201d google_fonts=\u201dfont_family:Montserrat%3Aregular%2C700|font_style:400%20regular%3A400%3Anormal\u201d][vc_empty_space][vc_column_text]<strong>An\u00e1lisis de proyecto, dise\u00f1o de documento y procesos, plan de gesti\u00f3<\/strong><b>n.<\/b><\/p>\n<p><span style=\"font-weight: 400;\">Te ayudamos a analizar tu idea y darle forma de proyecto. Dise\u00f1ar los procesos que aplican, implantarlos y definir los mecanismos de control para supervisar el avance. <\/span><\/p>\n<p><span style=\"font-weight: 400;\">El plan de gesti\u00f3n del cambio que abarca desde la identificaci\u00f3n de los actores hasta la validaci\u00f3n de las acciones, ser\u00e1 clave para el \u00e9xito de tu proyecto.<\/span>[\/vc_column_text][\/vc_column][vc_column width=\u201d1\/2\u2033][vc_custom_heading text=\u201dQuiero medir, mejorar y controlar\u201d font_container=\u201dtag:h5|font_size:20|text_align:left|color:%231e73be\u201d google_fonts=\u201dfont_family:Montserrat%3Aregular%2C700|font_style:400%20regular%3A400%3Anormal\u201d][vc_empty_space][vc_column_text]<span style=\"font-weight: 400;\">Siempre es necesario medir para poder controlar y evaluar los proyectos. Ofrecemos una mirada externa, objetiva y con \u00e9nfasis en medici\u00f3n de resultados.<\/span><\/p>\n<p><span style=\"font-weight: 400;\">\u25cf\u00a0Diagn\u00f3stico o auditor\u00eda de proyecto<\/span><br>\n<span style=\"font-weight: 400;\">\u25cf\u00a0Evaluaci\u00f3n de proyecto (dise\u00f1o e implantaci\u00f3n y\/o impacto)<br>\n<\/span><span style=\"font-weight: 400;\">\u25cf\u00a0Dise\u00f1o de sistema de monitoreo sobre la gesti\u00f3n del proyecto<br>\n<\/span><span style=\"font-weight: 400;\">\u25cf\u00a0Dise\u00f1o de cuadro de mando<br>\n<\/span><span style=\"font-weight: 400;\">\u25cf\u00a0Proceso de control de la gesti\u00f3n<br>\n<\/span><span style=\"font-weight: 400;\">\u25cf\u00a0Plan de recomendaciones<\/span>[\/vc_column_text][\/vc_column][\/vc_row][vc_row][vc_column][vc_btn title=\u201d+ INFO\u201d style=\u201dflat\u201d color=\u201dturquoise\u201d align=\u201dcenter\u201d link=\u201durl:https%3A%2F%2Fferreiramarquez.com%2Findex.php%2Fcontactenos%2F|||\u201d][\/vc_column][\/vc_row]<\/p>\n<\/body>","protected":false},"excerpt":{"rendered":"<p>[vc_row][vc_column][vc_column_text]10 a\u00f1os de gesti\u00f3n con organizaciones p\u00fablicas y privadas nos avalan para asesorar y acompa\u00f1ar a cualquier empresa en un proceso de gesti\u00f3n del cambio, ofreciendo diversas herramientas de acuerdo a la necesidad puntual. La gesti\u00f3n por proyecto es una tendencia de las grandes organizaciones para integrar sus estructuras, optimizar recursos y orientarse a resultados. [&hellip;]<\/p>\n","protected":false},"author":1,"featured_media":0,"parent":0,"menu_order":0,"comment_status":"closed","ping_status":"closed","template":"","meta":{"om_disable_all_campaigns":false,"_monsterinsights_skip_tracking":false,"_monsterinsights_sitenote_active":false,"_monsterinsights_sitenote_note":"","_monsterinsights_sitenote_category":0,"footnotes":""},"class_list":["post-4313","page","type-page","status-publish","hentry"],"jetpack_sharing_enabled":true,"_links":{"self":[{"href":"https:\/\/ferreiramarquez.com\/index.php\/wp-json\/wp\/v2\/pages\/4313"}],"collection":[{"href":"https:\/\/ferreiramarquez.com\/index.php\/wp-json\/wp\/v2\/pages"}],"about":[{"href":"https:\/\/ferreiramarquez.com\/index.php\/wp-json\/wp\/v2\/types\/page"}],"author":[{"embeddable":true,"href":"https:\/\/ferreiramarquez.com\/index.php\/wp-json\/wp\/v2\/users\/1"}],"replies":[{"embeddable":true,"href":"https:\/\/ferreiramarquez.com\/index.php\/wp-json\/wp\/v2\/comments?post=4313"}],"version-history":[{"count":14,"href":"https:\/\/ferreiramarquez.com\/index.php\/wp-json\/wp\/v2\/pages\/4313\/revisions"}],"predecessor-version":[{"id":4694,"href":"https:\/\/ferreiramarquez.com\/index.php\/wp-json\/wp\/v2\/pages\/4313\/revisions\/4694"}],"wp:attachment":[{"href":"https:\/\/ferreiramarquez.com\/index.php\/wp-json\/wp\/v2\/media?parent=4313"}],"curies":[{"name":"wp","href":"https:\/\/api.w.org\/{rel}","templated":true}]}}