{"id":4323,"date":"2017-04-24T00:04:20","date_gmt":"2017-04-24T00:04:20","guid":{"rendered":"https:\/\/ferreiramarquez.com\/?page_id=4323"},"modified":"2017-08-01T03:00:31","modified_gmt":"2017-08-01T03:00:31","slug":"tienes-una-idea","status":"publish","type":"page","link":"https:\/\/ferreiramarquez.com\/index.php\/tienes-una-idea\/","title":{"rendered":"DESARROLLO DE IDEA"},"content":{"rendered":"<body><p>[vc_row text_color=\u201dcustom\u201d custom_text_color=\u201d#000000\u2033][vc_column width=\u201d1\/2\u2033][vc_column_text]Contamos con un portafolio de herramientas para analizar y testear la viabilidad de tus ideas. Brindamos asesoramiento para emprender el desarrollo de un nuevo negocio, proyecto o programa, acompa\u00f1ando el proceso desde la concepci\u00f3n, el dise\u00f1o, la ejecuci\u00f3n, el monitoreo y la validaci\u00f3n.[\/vc_column_text][\/vc_column][vc_column width=\u201d1\/2\u2033][vc_column_text]<span style=\"font-weight: 400;\"> \u25cf Validaci\u00f3n de ideas <\/span><br>\n<span style=\"font-weight: 400;\"> \u25cf Desarrollo de ideas <\/span><br>\n<span style=\"font-weight: 400;\">\u25cf Desarrollo de viabilidad y planes de implementaci\u00f3n.<br>\n<\/span><span style=\"font-weight: 400;\">\u25cf Captaci\u00f3n de financiaci\u00f3n y uso de herramientas existentes.<br>\n<\/span><span style=\"font-weight: 400;\">\u25cf An\u00e1lisis de Negocio<br>\n<\/span><span style=\"font-weight: 400;\">\u25cf An\u00e1lisis de Mercado<br>\n<\/span><span style=\"font-weight: 400;\">\u25cf Plan de Negocios<br>\n<\/span><span style=\"font-weight: 400;\">\u25cf Planes de Desarrollo.<br>\n<\/span><span style=\"font-weight: 400;\">\u25cf Planes de Internacionalizaci\u00f3n.<\/span>[\/vc_column_text][\/vc_column][\/vc_row][vc_row][vc_column][vc_btn title=\u201d+ INFO\u201d style=\u201dflat\u201d color=\u201dturquoise\u201d align=\u201dcenter\u201d link=\u201durl:https%3A%2F%2Fferreiramarquez.com%2Findex.php%2Fcontactenos%2F|||\u201d][\/vc_column][\/vc_row]<\/p>\n<\/body>","protected":false},"excerpt":{"rendered":"<p>[vc_row text_color=\u201dcustom\u201d custom_text_color=\u201d#000000\u2033][vc_column width=\u201d1\/2\u2033][vc_column_text]Contamos con un portafolio de herramientas para analizar y testear la viabilidad de tus ideas. Brindamos asesoramiento para emprender el desarrollo de un nuevo negocio, proyecto o programa, acompa\u00f1ando el proceso desde la concepci\u00f3n, el dise\u00f1o, la ejecuci\u00f3n, el monitoreo y la validaci\u00f3n.[\/vc_column_text][\/vc_column][vc_column width=\u201d1\/2\u2033][vc_column_text] \u25cf Validaci\u00f3n de ideas \u25cf Desarrollo de ideas [&hellip;]<\/p>\n","protected":false},"author":1,"featured_media":0,"parent":0,"menu_order":0,"comment_status":"closed","ping_status":"closed","template":"","meta":{"om_disable_all_campaigns":false,"_monsterinsights_skip_tracking":false,"_monsterinsights_sitenote_active":false,"_monsterinsights_sitenote_note":"","_monsterinsights_sitenote_category":0,"footnotes":""},"class_list":["post-4323","page","type-page","status-publish","hentry"],"jetpack_sharing_enabled":true,"_links":{"self":[{"href":"https:\/\/ferreiramarquez.com\/index.php\/wp-json\/wp\/v2\/pages\/4323"}],"collection":[{"href":"https:\/\/ferreiramarquez.com\/index.php\/wp-json\/wp\/v2\/pages"}],"about":[{"href":"https:\/\/ferreiramarquez.com\/index.php\/wp-json\/wp\/v2\/types\/page"}],"author":[{"embeddable":true,"href":"https:\/\/ferreiramarquez.com\/index.php\/wp-json\/wp\/v2\/users\/1"}],"replies":[{"embeddable":true,"href":"https:\/\/ferreiramarquez.com\/index.php\/wp-json\/wp\/v2\/comments?post=4323"}],"version-history":[{"count":8,"href":"https:\/\/ferreiramarquez.com\/index.php\/wp-json\/wp\/v2\/pages\/4323\/revisions"}],"predecessor-version":[{"id":4727,"href":"https:\/\/ferreiramarquez.com\/index.php\/wp-json\/wp\/v2\/pages\/4323\/revisions\/4727"}],"wp:attachment":[{"href":"https:\/\/ferreiramarquez.com\/index.php\/wp-json\/wp\/v2\/media?parent=4323"}],"curies":[{"name":"wp","href":"https:\/\/api.w.org\/{rel}","templated":true}]}}