{"id":4330,"date":"2017-04-24T00:17:12","date_gmt":"2017-04-24T00:17:12","guid":{"rendered":"https:\/\/ferreiramarquez.com\/?page_id=4330"},"modified":"2017-08-01T02:59:35","modified_gmt":"2017-08-01T02:59:35","slug":"soluciones-empresariales-especificas","status":"publish","type":"page","link":"https:\/\/ferreiramarquez.com\/index.php\/soluciones-empresariales-especificas\/","title":{"rendered":"SOLUCIONES ESPEC\u00cdFICAS"},"content":{"rendered":"<body><p>[vc_row][vc_column][vc_column_text]<span style=\"color: black;\">Contamos con soluciones especificas y puntuales para nuestros clientes como ser:<\/span>[\/vc_column_text][vc_row_inner][vc_column_inner width=\u201d1\/2\u2033][vc_column_text]<span style=\"font-weight: 400; color: black;\">\u25cf An\u00e1lisis y adecuaci\u00f3n de estructura organizacional<\/span><br>\n<span style=\"font-weight: 400; color: black;\">\u25cf Selecci\u00f3n de Personal<\/span><br>\n<span style=\"font-weight: 400; color: black;\">\u25cf Capacitaci\u00f3n<\/span><br>\n<span style=\"font-weight: 400; color: black;\">\u25cf Atenci\u00f3n y enfoque al cliente<\/span><br>\n<span style=\"font-weight: 400; color: black;\">\u25cf Gesti\u00f3n de Calidad<\/span><br>\n<span style=\"font-weight: 400; color: black;\">\u25cf Registro, an\u00e1lisis y toma de acciones correctivas.<\/span><br>\n<span style=\"font-weight: 400; color: black;\">\u25cf Satisfacci\u00f3n del cliente y gesti\u00f3n de quejas<\/span><br>\n<span style=\"font-weight: 400; color: black;\">\u25cf Identificaci\u00f3n de riesgos, an\u00e1lisis, medici\u00f3n y tratamiento<\/span><br>\n<span style=\"font-weight: 400; color: black;\">\u25cf Capacitaciones a medida.<\/span><br>\n<span style=\"font-weight: 400; color: black;\">\u25cf Coaching Personal y Empresarial<\/span><br>\n<span style=\"font-weight: 400; color: black;\">\u25cf Outsourcing de \u00c1rea de RRHH<\/span><br>\n<span style=\"font-weight: 400; color: black;\">\u25cf Outsourcing de \u00c1reas de Calidad.<\/span>[\/vc_column_text][\/vc_column_inner][vc_column_inner width=\u201d1\/2\u2033][vc_column_text]<span style=\"font-weight: 400; color: black;\">\u25cf Gesti\u00f3n del Cambio de Proyectos.<\/span><br>\n<span style=\"font-weight: 400; color: black;\">\u25cf An\u00e1lisis de Sistema retributivo y beneficios<\/span><br>\n<span style=\"font-weight: 400; color: black;\">\u25cf Medici\u00f3n de satisfacci\u00f3n de clientes<\/span><br>\n<span style=\"font-weight: 400; color: black;\">\u25cf Medici\u00f3n de clima y cultura organizacional<\/span><br>\n<span style=\"font-weight: 400; color: black;\">\u25cf Dise\u00f1o y acompa\u00f1amiento en planes de transici\u00f3n generacional<\/span><br>\n<span style=\"font-weight: 400; color: black;\">\u25cf Asesoramiento en implantaci\u00f3n de Programa de Operador Econ\u00f3mico Calificado<\/span><br>\n<span style=\"font-weight: 400; color: black;\">\u25cf Asesoramiento en Norma de Enfoque de G\u00e9nero<\/span><br>\n<span style=\"font-weight: 400; color: black;\">\u25cf Asesoramiento en Proyectos de Inversi\u00f3n<\/span><br>\n<span style=\"font-weight: 400; color: black;\">\u25cf Talleres de integraci\u00f3n y trabajo en equipo<\/span><br>\n<span style=\"font-weight: 400; color: black;\">\u25cf Programas 5S.<\/span><br>\n<span style=\"font-weight: 400; color: black;\">\u25cf \u00a0Asesoramiento a ONGS y Fundaciones.<\/span>[\/vc_column_text][\/vc_column_inner][\/vc_row_inner][\/vc_column][\/vc_row][vc_row][vc_column][vc_btn title=\u201d+ INFO\u201d style=\u201dflat\u201d color=\u201dturquoise\u201d align=\u201dcenter\u201d link=\u201durl:https%3A%2F%2Fferreiramarquez.com%2Findex.php%2Fcontactenos%2F|||\u201d][\/vc_column][\/vc_row]<\/p>\n<\/body>","protected":false},"excerpt":{"rendered":"<p>[vc_row][vc_column][vc_column_text]Contamos con soluciones especificas y puntuales para nuestros clientes como ser:[\/vc_column_text][vc_row_inner][vc_column_inner width=\u201d1\/2\u2033][vc_column_text]\u25cf An\u00e1lisis y adecuaci\u00f3n de estructura organizacional \u25cf Selecci\u00f3n de Personal \u25cf Capacitaci\u00f3n \u25cf Atenci\u00f3n y enfoque al cliente \u25cf Gesti\u00f3n de Calidad \u25cf Registro, an\u00e1lisis y toma de acciones correctivas. \u25cf Satisfacci\u00f3n del cliente y gesti\u00f3n de quejas \u25cf Identificaci\u00f3n de riesgos, an\u00e1lisis, [&hellip;]<\/p>\n","protected":false},"author":1,"featured_media":0,"parent":0,"menu_order":0,"comment_status":"closed","ping_status":"closed","template":"","meta":{"om_disable_all_campaigns":false,"_monsterinsights_skip_tracking":false,"_monsterinsights_sitenote_active":false,"_monsterinsights_sitenote_note":"","_monsterinsights_sitenote_category":0,"footnotes":""},"class_list":["post-4330","page","type-page","status-publish","hentry"],"jetpack_sharing_enabled":true,"_links":{"self":[{"href":"https:\/\/ferreiramarquez.com\/index.php\/wp-json\/wp\/v2\/pages\/4330"}],"collection":[{"href":"https:\/\/ferreiramarquez.com\/index.php\/wp-json\/wp\/v2\/pages"}],"about":[{"href":"https:\/\/ferreiramarquez.com\/index.php\/wp-json\/wp\/v2\/types\/page"}],"author":[{"embeddable":true,"href":"https:\/\/ferreiramarquez.com\/index.php\/wp-json\/wp\/v2\/users\/1"}],"replies":[{"embeddable":true,"href":"https:\/\/ferreiramarquez.com\/index.php\/wp-json\/wp\/v2\/comments?post=4330"}],"version-history":[{"count":16,"href":"https:\/\/ferreiramarquez.com\/index.php\/wp-json\/wp\/v2\/pages\/4330\/revisions"}],"predecessor-version":[{"id":4726,"href":"https:\/\/ferreiramarquez.com\/index.php\/wp-json\/wp\/v2\/pages\/4330\/revisions\/4726"}],"wp:attachment":[{"href":"https:\/\/ferreiramarquez.com\/index.php\/wp-json\/wp\/v2\/media?parent=4330"}],"curies":[{"name":"wp","href":"https:\/\/api.w.org\/{rel}","templated":true}]}}